{"id":7659,"date":"2025-06-22T15:11:07","date_gmt":"2025-06-22T15:11:07","guid":{"rendered":"https:\/\/awarenations.com\/es\/?post_type=product&#038;p=7659"},"modified":"2025-06-22T17:41:48","modified_gmt":"2025-06-22T17:41:48","slug":"book-worker-pro-now","status":"publish","type":"product","link":"https:\/\/awarenations.com\/es\/product\/book-worker-pro-now\/","title":{"rendered":"Book &#8211; Worker Pro Now"},"content":{"rendered":"\t\t<div data-elementor-type=\"product-post\" data-elementor-id=\"7659\" class=\"elementor elementor-7659\" data-elementor-post-type=\"product\">\n\t\t\t\t\t\t<section class=\"elementor-section elementor-top-section elementor-element elementor-element-27f2761 elementor-section-boxed elementor-section-height-default elementor-section-height-default\" data-id=\"27f2761\" data-element_type=\"section\">\n\t\t\t\t\t\t<div class=\"elementor-container elementor-column-gap-default\">\n\t\t\t\t\t<div class=\"elementor-column elementor-col-50 elementor-top-column elementor-element elementor-element-4e30b8f\" data-id=\"4e30b8f\" data-element_type=\"column\">\n\t\t\t<div class=\"elementor-widget-wrap elementor-element-populated\">\n\t\t\t\t\t\t<div class=\"elementor-element elementor-element-9dcf989 yes elementor-widget elementor-widget-woocommerce-product-images\" data-id=\"9dcf989\" data-element_type=\"widget\" data-widget_type=\"woocommerce-product-images.default\">\n\t\t\t\t<div class=\"elementor-widget-container\">\n\t\t\t\t\t<div class=\"woocommerce-product-gallery woocommerce-product-gallery--with-images woocommerce-product-gallery--columns-4 images\" data-columns=\"4\" style=\"opacity: 0; transition: opacity .25s ease-in-out;\">\n\t<div class=\"woocommerce-product-gallery__wrapper\">\n\t\t<div data-thumb=\"https:\/\/awarenations.com\/es\/wp-content\/uploads\/2025\/06\/LIBRO-MMOCKUP-100x100.png\" data-thumb-alt=\"Book - Worker Pro Now\" data-thumb-srcset=\"https:\/\/awarenations.com\/es\/wp-content\/uploads\/2025\/06\/LIBRO-MMOCKUP-100x100.png 100w, https:\/\/awarenations.com\/es\/wp-content\/uploads\/2025\/06\/LIBRO-MMOCKUP-150x150.png 150w, https:\/\/awarenations.com\/es\/wp-content\/uploads\/2025\/06\/LIBRO-MMOCKUP-300x300.png 300w\"  data-thumb-sizes=\"(max-width: 100px) 100vw, 100px\" class=\"woocommerce-product-gallery__image\"><a href=\"https:\/\/awarenations.com\/es\/wp-content\/uploads\/2025\/06\/LIBRO-MMOCKUP.png\"><img fetchpriority=\"high\" decoding=\"async\" width=\"600\" height=\"675\" src=\"https:\/\/awarenations.com\/es\/wp-content\/uploads\/2025\/06\/LIBRO-MMOCKUP-600x675.png\" class=\"wp-post-image\" alt=\"Book - Worker Pro Now\" data-caption=\"\" data-src=\"https:\/\/awarenations.com\/es\/wp-content\/uploads\/2025\/06\/LIBRO-MMOCKUP.png\" data-large_image=\"https:\/\/awarenations.com\/es\/wp-content\/uploads\/2025\/06\/LIBRO-MMOCKUP.png\" data-large_image_width=\"800\" data-large_image_height=\"900\" srcset=\"https:\/\/awarenations.com\/es\/wp-content\/uploads\/2025\/06\/LIBRO-MMOCKUP-600x675.png 600w, https:\/\/awarenations.com\/es\/wp-content\/uploads\/2025\/06\/LIBRO-MMOCKUP-267x300.png 267w, https:\/\/awarenations.com\/es\/wp-content\/uploads\/2025\/06\/LIBRO-MMOCKUP.png 800w\" sizes=\"100vw\" \/><\/a><\/div><div data-thumb=\"https:\/\/awarenations.com\/es\/wp-content\/uploads\/2025\/06\/LIBRO-MMOCKUP-100x100.png\" data-thumb-alt=\"Book - Worker Pro Now - Image 2\" data-thumb-srcset=\"https:\/\/awarenations.com\/es\/wp-content\/uploads\/2025\/06\/LIBRO-MMOCKUP-100x100.png 100w, https:\/\/awarenations.com\/es\/wp-content\/uploads\/2025\/06\/LIBRO-MMOCKUP-150x150.png 150w, https:\/\/awarenations.com\/es\/wp-content\/uploads\/2025\/06\/LIBRO-MMOCKUP-300x300.png 300w\"  data-thumb-sizes=\"(max-width: 100px) 100vw, 100px\" class=\"woocommerce-product-gallery__image\"><a href=\"https:\/\/awarenations.com\/es\/wp-content\/uploads\/2025\/06\/LIBRO-MMOCKUP.png\"><img decoding=\"async\" width=\"600\" height=\"675\" src=\"https:\/\/awarenations.com\/es\/wp-content\/uploads\/2025\/06\/LIBRO-MMOCKUP-600x675.png\" class=\"\" alt=\"Book - Worker Pro Now - Image 2\" data-caption=\"\" data-src=\"https:\/\/awarenations.com\/es\/wp-content\/uploads\/2025\/06\/LIBRO-MMOCKUP.png\" data-large_image=\"https:\/\/awarenations.com\/es\/wp-content\/uploads\/2025\/06\/LIBRO-MMOCKUP.png\" data-large_image_width=\"800\" data-large_image_height=\"900\" srcset=\"https:\/\/awarenations.com\/es\/wp-content\/uploads\/2025\/06\/LIBRO-MMOCKUP-600x675.png 600w, https:\/\/awarenations.com\/es\/wp-content\/uploads\/2025\/06\/LIBRO-MMOCKUP-267x300.png 267w, https:\/\/awarenations.com\/es\/wp-content\/uploads\/2025\/06\/LIBRO-MMOCKUP.png 800w\" sizes=\"100vw\" \/><\/a><\/div>\t<\/div>\n<\/div>\n\t\t\t\t<\/div>\n\t\t\t\t<\/div>\n\t\t\t\t\t<\/div>\n\t\t<\/div>\n\t\t\t\t<div class=\"elementor-column elementor-col-50 elementor-top-column elementor-element elementor-element-d40a2cc\" data-id=\"d40a2cc\" data-element_type=\"column\">\n\t\t\t<div class=\"elementor-widget-wrap elementor-element-populated\">\n\t\t\t\t\t\t<div class=\"elementor-element elementor-element-259d0ff elementor-widget elementor-widget-woocommerce-product-title elementor-page-title elementor-widget-heading\" data-id=\"259d0ff\" data-element_type=\"widget\" data-widget_type=\"woocommerce-product-title.default\">\n\t\t\t\t<div class=\"elementor-widget-container\">\n\t\t\t\t\t<h1 class=\"product_title entry-title elementor-heading-title elementor-size-default\">Book &#8211; Worker Pro Now<\/h1>\t\t\t\t<\/div>\n\t\t\t\t<\/div>\n\t\t\t\t<div class=\"elementor-element elementor-element-9165f26 elementor-widget elementor-widget-text-editor\" data-id=\"9165f26\" data-element_type=\"widget\" data-widget_type=\"text-editor.default\">\n\t\t\t\t<div class=\"elementor-widget-container\">\n\t\t\t\t\t\t\t\t\t<p>Work with purpose, values, and excellence. WorkerPRO Now is a practical guide to excel in what you do, earn more, and position yourself strongly in the market. Your work can be your best calling card.<\/p>\t\t\t\t\t\t\t\t<\/div>\n\t\t\t\t<\/div>\n\t\t\t\t<div class=\"elementor-element elementor-element-82e02be elementor-widget elementor-widget-woocommerce-product-price\" data-id=\"82e02be\" data-element_type=\"widget\" data-widget_type=\"woocommerce-product-price.default\">\n\t\t\t\t<div class=\"elementor-widget-container\">\n\t\t\t\t\t<p class=\"price\"><span class=\"woocommerce-Price-amount amount\"><bdi><span class=\"woocommerce-Price-currencySymbol\">&#36;<\/span>19.99<\/bdi><\/span><\/p>\n\t\t\t\t<\/div>\n\t\t\t\t<\/div>\n\t\t\t\t<div class=\"elementor-element elementor-element-de0b97f elementor-add-to-cart--align-left e-add-to-cart--show-quantity-yes elementor-widget elementor-widget-woocommerce-product-add-to-cart\" data-id=\"de0b97f\" data-element_type=\"widget\" data-widget_type=\"woocommerce-product-add-to-cart.default\">\n\t\t\t\t<div class=\"elementor-widget-container\">\n\t\t\t\t\t\n\t\t<div class=\"elementor-add-to-cart elementor-product-simple\">\n\t\t\t<p class=\"stock in-stock\">500 disponibles (puede reservarse)<\/p>\n\n\t\n\t<form class=\"cart\" action=\"https:\/\/awarenations.com\/es\/product\/book-worker-pro-now\/\" method=\"post\" enctype='multipart\/form-data'>\n\t\t\n\t\t<div class=\"quantity\">\n\t\t<label class=\"screen-reader-text\" for=\"quantity_69ea35a988e0f\">Book - Worker Pro Now cantidad<\/label>\n\t<input\n\t\ttype=\"number\"\n\t\t\t\tid=\"quantity_69ea35a988e0f\"\n\t\tclass=\"input-text qty text\"\n\t\tname=\"quantity\"\n\t\tvalue=\"1\"\n\t\taria-label=\"Cantidad de productos\"\n\t\t\t\tmin=\"1\"\n\t\t\t\t\t\t\tstep=\"1\"\n\t\t\tplaceholder=\"\"\n\t\t\tinputmode=\"numeric\"\n\t\t\tautocomplete=\"off\"\n\t\t\t\/>\n\t<\/div>\n\n\t\t<button type=\"submit\" name=\"add-to-cart\" value=\"7659\" class=\"single_add_to_cart_button button alt\">A\u00f1adir al carrito<\/button>\n\n\t\t\t<\/form>\n\n\t\n\t\t<\/div>\n\n\t\t\t\t\t\t<\/div>\n\t\t\t\t<\/div>\n\t\t\t\t\t<\/div>\n\t\t<\/div>\n\t\t\t\t\t<\/div>\n\t\t<\/section>\n\t\t\t\t<\/div>\n\t\t","protected":false},"excerpt":{"rendered":"<p>Aqu\u00ed vas a encontrar ideas, consejos y experiencias reales que te invitan a mirar con otros ojos. A observarte, no desde la exigencia sino desde la posibilidad. Cada cap\u00edtulo es una oportunidad para reflexionar sobre qui\u00e9n eres y c\u00f3mo trabajas: \u00bfC\u00f3mo te presentas? \u00bfC\u00f3mo hablas? \u00bfC\u00f3mo eliges comunicarte, vestirte, cuidarte y relacionarte con tu trabajo y con los dem\u00e1s?<\/p>\n<p>Este manual fue creado para impulsar tu transformaci\u00f3n, desde lo cotidiano, incorporando peque\u00f1os h\u00e1bitos simples (pero poderosos) que te fortalecer\u00e1n. Porque al mejorar la forma en que trabajas, tambi\u00e9n cambiar\u00e1 la forma en que te percibes y eres percibido.<\/p>\n","protected":false},"featured_media":7542,"comment_status":"open","ping_status":"closed","template":"elementor_header_footer","meta":[],"product_brand":[],"product_cat":[43],"product_tag":[69],"class_list":{"0":"post-7659","1":"product","2":"type-product","3":"status-publish","4":"has-post-thumbnail","6":"product_cat-books","7":"product_tag-workerpronow","9":"first","10":"instock","11":"downloadable","12":"shipping-taxable","13":"purchasable","14":"product-type-simple"},"_links":{"self":[{"href":"https:\/\/awarenations.com\/es\/wp-json\/wp\/v2\/product\/7659","targetHints":{"allow":["GET"]}}],"collection":[{"href":"https:\/\/awarenations.com\/es\/wp-json\/wp\/v2\/product"}],"about":[{"href":"https:\/\/awarenations.com\/es\/wp-json\/wp\/v2\/types\/product"}],"replies":[{"embeddable":true,"href":"https:\/\/awarenations.com\/es\/wp-json\/wp\/v2\/comments?post=7659"}],"version-history":[{"count":0,"href":"https:\/\/awarenations.com\/es\/wp-json\/wp\/v2\/product\/7659\/revisions"}],"wp:featuredmedia":[{"embeddable":true,"href":"https:\/\/awarenations.com\/es\/wp-json\/wp\/v2\/media\/7542"}],"wp:attachment":[{"href":"https:\/\/awarenations.com\/es\/wp-json\/wp\/v2\/media?parent=7659"}],"wp:term":[{"taxonomy":"product_brand","embeddable":true,"href":"https:\/\/awarenations.com\/es\/wp-json\/wp\/v2\/product_brand?post=7659"},{"taxonomy":"product_cat","embeddable":true,"href":"https:\/\/awarenations.com\/es\/wp-json\/wp\/v2\/product_cat?post=7659"},{"taxonomy":"product_tag","embeddable":true,"href":"https:\/\/awarenations.com\/es\/wp-json\/wp\/v2\/product_tag?post=7659"}],"curies":[{"name":"wp","href":"https:\/\/api.w.org\/{rel}","templated":true}]}}